{"id":8153,"date":"2022-11-23T12:39:10","date_gmt":"2022-11-23T11:39:10","guid":{"rendered":"https:\/\/www.peritos.sk\/?page_id=8153"},"modified":"2023-02-02T13:55:50","modified_gmt":"2023-02-02T12:55:50","slug":"road-assistance","status":"publish","type":"page","link":"https:\/\/www.peritos.sk\/en\/road-assistance\/","title":{"rendered":"Road assistance"},"content":{"rendered":"\t\t<div data-elementor-type=\"wp-page\" data-elementor-id=\"8153\" class=\"elementor elementor-8153 elementor-6438\" data-elementor-post-type=\"page\">\n\t\t\t\t\t\t<section class=\"elementor-section elementor-top-section elementor-element elementor-element-6ac7e9a elementor-section-boxed elementor-section-height-default elementor-section-height-default\" data-id=\"6ac7e9a\" data-element_type=\"section\">\n\t\t\t\t\t\t<div class=\"elementor-container elementor-column-gap-default\">\n\t\t\t\t\t<div class=\"elementor-column elementor-col-100 elementor-top-column elementor-element elementor-element-8b12856\" data-id=\"8b12856\" data-element_type=\"column\">\n\t\t\t<div class=\"elementor-widget-wrap elementor-element-populated\">\n\t\t\t\t\t\t<div class=\"elementor-element elementor-element-8dfa801 elementor-widget elementor-widget-heading\" data-id=\"8dfa801\" data-element_type=\"widget\" data-widget_type=\"heading.default\">\n\t\t\t\t<div class=\"elementor-widget-container\">\n\t\t\t<h2 class=\"elementor-heading-title elementor-size-default\">ROAD ASSISTANCE<\/h2>\t\t<\/div>\n\t\t\t\t<\/div>\n\t\t\t\t\t<\/div>\n\t\t<\/div>\n\t\t\t\t\t<\/div>\n\t\t<\/section>\n\t\t\t\t<section class=\"elementor-section elementor-top-section elementor-element elementor-element-c239d73 elementor-section-boxed elementor-section-height-default elementor-section-height-default\" data-id=\"c239d73\" data-element_type=\"section\">\n\t\t\t\t\t\t<div class=\"elementor-container elementor-column-gap-default\">\n\t\t\t\t\t<div class=\"elementor-column elementor-col-50 elementor-top-column elementor-element elementor-element-bc95594\" data-id=\"bc95594\" data-element_type=\"column\">\n\t\t\t<div class=\"elementor-widget-wrap elementor-element-populated\">\n\t\t\t\t\t\t<div class=\"elementor-element elementor-element-8e503d5 elementor-widget elementor-widget-image\" data-id=\"8e503d5\" data-element_type=\"widget\" data-widget_type=\"image.default\">\n\t\t\t\t<div class=\"elementor-widget-container\">\n\t\t\t\t\t\t\t\t\t\t\t\t\t<img loading=\"lazy\" loading=\"lazy\" decoding=\"async\" width=\"1024\" height=\"713\" src=\"https:\/\/www.peritos.sk\/wp-content\/uploads\/2022\/11\/pneuservis-1024x713.jpg\" class=\"attachment-large size-large wp-image-6710\" alt=\"\" srcset=\"https:\/\/www.peritos.sk\/wp-content\/uploads\/2022\/11\/pneuservis-1024x713.jpg 1024w, https:\/\/www.peritos.sk\/wp-content\/uploads\/2022\/11\/pneuservis-300x209.jpg 300w, https:\/\/www.peritos.sk\/wp-content\/uploads\/2022\/11\/pneuservis-768x534.jpg 768w, https:\/\/www.peritos.sk\/wp-content\/uploads\/2022\/11\/pneuservis-1536x1069.jpg 1536w, https:\/\/www.peritos.sk\/wp-content\/uploads\/2022\/11\/pneuservis-1x1.jpg 1w, https:\/\/www.peritos.sk\/wp-content\/uploads\/2022\/11\/pneuservis-10x7.jpg 10w, https:\/\/www.peritos.sk\/wp-content\/uploads\/2022\/11\/pneuservis-1320x919.jpg 1320w, https:\/\/www.peritos.sk\/wp-content\/uploads\/2022\/11\/pneuservis-600x418.jpg 600w, https:\/\/www.peritos.sk\/wp-content\/uploads\/2022\/11\/pneuservis.jpg 2022w\" sizes=\"auto, (max-width: 1024px) 100vw, 1024px\" \/>\t\t\t\t\t\t\t\t\t\t\t\t\t<\/div>\n\t\t\t\t<\/div>\n\t\t\t\t\t<\/div>\n\t\t<\/div>\n\t\t\t\t<div class=\"elementor-column elementor-col-50 elementor-top-column elementor-element elementor-element-237f8ba\" data-id=\"237f8ba\" data-element_type=\"column\">\n\t\t\t<div class=\"elementor-widget-wrap elementor-element-populated\">\n\t\t\t\t\t\t<div class=\"elementor-element elementor-element-16033f0 elementor-widget elementor-widget-text-editor\" data-id=\"16033f0\" data-element_type=\"widget\" data-widget_type=\"text-editor.default\">\n\t\t\t\t<div class=\"elementor-widget-container\">\n\t\t\t\t\t\t\t<p style=\"text-align: left;\"><img loading=\"lazy\" loading=\"lazy\" decoding=\"async\" class=\"alignnone wp-image-6192\" src=\"https:\/\/www.peritos.sk\/wp-content\/uploads\/2022\/11\/icon-1.png\" alt=\"\" width=\"29\" height=\"28\" srcset=\"https:\/\/www.peritos.sk\/wp-content\/uploads\/2022\/11\/icon-1.png 84w, https:\/\/www.peritos.sk\/wp-content\/uploads\/2022\/11\/icon-1-1x1.png 1w, https:\/\/www.peritos.sk\/wp-content\/uploads\/2022\/11\/icon-1-10x10.png 10w\" sizes=\"auto, (max-width: 29px) 100vw, 29px\" \/> Services offere:<\/p>\t\t\t\t\t\t<\/div>\n\t\t\t\t<\/div>\n\t\t\t\t<div class=\"elementor-element elementor-element-b386ada elementor-icon-list--layout-traditional elementor-list-item-link-full_width elementor-widget elementor-widget-icon-list\" data-id=\"b386ada\" data-element_type=\"widget\" data-widget_type=\"icon-list.default\">\n\t\t\t\t<div class=\"elementor-widget-container\">\n\t\t\t\t\t<ul class=\"elementor-icon-list-items\">\n\t\t\t\t\t\t\t<li class=\"elementor-icon-list-item\">\n\t\t\t\t\t\t\t\t\t\t\t<span class=\"elementor-icon-list-icon\">\n\t\t\t\t\t\t\t<i aria-hidden=\"true\" class=\"fas fa-chevron-circle-right\"><\/i>\t\t\t\t\t\t<\/span>\n\t\t\t\t\t\t\t\t\t\t<span class=\"elementor-icon-list-text\">Starting the vehicle<\/span>\n\t\t\t\t\t\t\t\t\t<\/li>\n\t\t\t\t\t\t\t\t<li class=\"elementor-icon-list-item\">\n\t\t\t\t\t\t\t\t\t\t\t<span class=\"elementor-icon-list-icon\">\n\t\t\t\t\t\t\t<i aria-hidden=\"true\" class=\"fas fa-chevron-circle-right\"><\/i>\t\t\t\t\t\t<\/span>\n\t\t\t\t\t\t\t\t\t\t<span class=\"elementor-icon-list-text\">Fuel delivery<\/span>\n\t\t\t\t\t\t\t\t\t<\/li>\n\t\t\t\t\t\t\t\t<li class=\"elementor-icon-list-item\">\n\t\t\t\t\t\t\t\t\t\t\t<span class=\"elementor-icon-list-icon\">\n\t\t\t\t\t\t\t<i aria-hidden=\"true\" class=\"fas fa-chevron-circle-right\"><\/i>\t\t\t\t\t\t<\/span>\n\t\t\t\t\t\t\t\t\t\t<span class=\"elementor-icon-list-text\">Wheel replacement<\/span>\n\t\t\t\t\t\t\t\t\t<\/li>\n\t\t\t\t\t\t\t\t<li class=\"elementor-icon-list-item\">\n\t\t\t\t\t\t\t\t\t\t\t<span class=\"elementor-icon-list-icon\">\n\t\t\t\t\t\t\t<i aria-hidden=\"true\" class=\"fas fa-chevron-circle-right\"><\/i>\t\t\t\t\t\t<\/span>\n\t\t\t\t\t\t\t\t\t\t<span class=\"elementor-icon-list-text\">Repair of defect<\/span>\n\t\t\t\t\t\t\t\t\t<\/li>\n\t\t\t\t\t\t<\/ul>\n\t\t\t\t<\/div>\n\t\t\t\t<\/div>\n\t\t\t\t<div class=\"elementor-element elementor-element-4f459a9d elementor-widget elementor-widget-button\" data-id=\"4f459a9d\" data-element_type=\"widget\" data-widget_type=\"button.default\">\n\t\t\t\t<div class=\"elementor-widget-container\">\n\t\t\t\t\t<div class=\"elementor-button-wrapper\">\n\t\t\t<a class=\"elementor-button elementor-button-link elementor-size-sm\" href=\"tel:+421%20948%20450%20450\">\n\t\t\t\t\t\t<span class=\"elementor-button-content-wrapper\">\n\t\t\t\t\t\t\t\t\t<span class=\"elementor-button-text\">Call<\/span>\n\t\t\t\t\t<\/span>\n\t\t\t\t\t<\/a>\n\t\t<\/div>\n\t\t\t\t<\/div>\n\t\t\t\t<\/div>\n\t\t\t\t\t<\/div>\n\t\t<\/div>\n\t\t\t\t\t<\/div>\n\t\t<\/section>\n\t\t\t\t<\/div>\n\t\t","protected":false},"excerpt":{"rendered":"<p>ROAD ASSISTANCE Services offere: Starting the vehicle Fuel delivery Wheel replacement Repair of defect Call<\/p>\n","protected":false},"author":1,"featured_media":0,"parent":0,"menu_order":0,"comment_status":"closed","ping_status":"closed","template":"","meta":{"_monsterinsights_skip_tracking":false,"_monsterinsights_sitenote_active":false,"_monsterinsights_sitenote_note":"","_monsterinsights_sitenote_category":0,"_uf_show_specific_survey":0,"_uf_disable_surveys":false,"footnotes":""},"class_list":["post-8153","page","type-page","status-publish","hentry"],"yoast_head":"<!-- This site is optimized with the Yoast SEO plugin v23.7 - https:\/\/yoast.com\/wordpress\/plugins\/seo\/ -->\n<title>Road assistance - PERITOS<\/title>\n<meta name=\"robots\" content=\"index, follow, max-snippet:-1, max-image-preview:large, max-video-preview:-1\" \/>\n<link rel=\"canonical\" href=\"https:\/\/www.peritos.sk\/en\/road-assistance\/\" \/>\n<meta property=\"og:locale\" content=\"en_US\" \/>\n<meta property=\"og:type\" content=\"article\" \/>\n<meta property=\"og:title\" content=\"Road assistance - PERITOS\" \/>\n<meta property=\"og:description\" content=\"ROAD ASSISTANCE Services offere: Starting the vehicle Fuel delivery Wheel replacement Repair of defect Call\" \/>\n<meta property=\"og:url\" content=\"https:\/\/www.peritos.sk\/en\/road-assistance\/\" \/>\n<meta property=\"og:site_name\" content=\"PERITOS\" \/>\n<meta property=\"article:modified_time\" content=\"2023-02-02T12:55:50+00:00\" \/>\n<meta property=\"og:image\" content=\"https:\/\/www.peritos.sk\/wp-content\/uploads\/2022\/11\/pneuservis-1024x713.jpg\" \/>\n<meta name=\"twitter:card\" content=\"summary_large_image\" \/>\n<meta name=\"twitter:label1\" content=\"Est. reading time\" \/>\n\t<meta name=\"twitter:data1\" content=\"1 minute\" \/>\n<script type=\"application\/ld+json\" class=\"yoast-schema-graph\">{\"@context\":\"https:\/\/schema.org\",\"@graph\":[{\"@type\":\"WebPage\",\"@id\":\"https:\/\/www.peritos.sk\/en\/road-assistance\/\",\"url\":\"https:\/\/www.peritos.sk\/en\/road-assistance\/\",\"name\":\"Road assistance - PERITOS\",\"isPartOf\":{\"@id\":\"https:\/\/www.peritos.sk\/#website\"},\"primaryImageOfPage\":{\"@id\":\"https:\/\/www.peritos.sk\/en\/road-assistance\/#primaryimage\"},\"image\":{\"@id\":\"https:\/\/www.peritos.sk\/en\/road-assistance\/#primaryimage\"},\"thumbnailUrl\":\"https:\/\/www.peritos.sk\/wp-content\/uploads\/2022\/11\/pneuservis-1024x713.jpg\",\"datePublished\":\"2022-11-23T11:39:10+00:00\",\"dateModified\":\"2023-02-02T12:55:50+00:00\",\"breadcrumb\":{\"@id\":\"https:\/\/www.peritos.sk\/en\/road-assistance\/#breadcrumb\"},\"inLanguage\":\"en-US\",\"potentialAction\":[{\"@type\":\"ReadAction\",\"target\":[\"https:\/\/www.peritos.sk\/en\/road-assistance\/\"]}]},{\"@type\":\"ImageObject\",\"inLanguage\":\"en-US\",\"@id\":\"https:\/\/www.peritos.sk\/en\/road-assistance\/#primaryimage\",\"url\":\"https:\/\/www.peritos.sk\/wp-content\/uploads\/2022\/11\/pneuservis-1024x713.jpg\",\"contentUrl\":\"https:\/\/www.peritos.sk\/wp-content\/uploads\/2022\/11\/pneuservis-1024x713.jpg\"},{\"@type\":\"BreadcrumbList\",\"@id\":\"https:\/\/www.peritos.sk\/en\/road-assistance\/#breadcrumb\",\"itemListElement\":[{\"@type\":\"ListItem\",\"position\":1,\"name\":\"Domovsk\u00e1 str\u00e1nka\",\"item\":\"https:\/\/www.peritos.sk\/en\/\"},{\"@type\":\"ListItem\",\"position\":2,\"name\":\"Road assistance\"}]},{\"@type\":\"WebSite\",\"@id\":\"https:\/\/www.peritos.sk\/#website\",\"url\":\"https:\/\/www.peritos.sk\/\",\"name\":\"PERITOS\",\"description\":\"Autoservis, pneuservis, geometria, od\u0165ahov\u00e1 slu\u017eba\",\"publisher\":{\"@id\":\"https:\/\/www.peritos.sk\/#organization\"},\"potentialAction\":[{\"@type\":\"SearchAction\",\"target\":{\"@type\":\"EntryPoint\",\"urlTemplate\":\"https:\/\/www.peritos.sk\/?s={search_term_string}\"},\"query-input\":{\"@type\":\"PropertyValueSpecification\",\"valueRequired\":true,\"valueName\":\"search_term_string\"}}],\"inLanguage\":\"en-US\"},{\"@type\":\"Organization\",\"@id\":\"https:\/\/www.peritos.sk\/#organization\",\"name\":\"PERITOS\",\"url\":\"https:\/\/www.peritos.sk\/\",\"logo\":{\"@type\":\"ImageObject\",\"inLanguage\":\"en-US\",\"@id\":\"https:\/\/www.peritos.sk\/#\/schema\/logo\/image\/\",\"url\":\"https:\/\/www.peritos.sk\/wp-content\/uploads\/2022\/10\/skuska.png\",\"contentUrl\":\"https:\/\/www.peritos.sk\/wp-content\/uploads\/2022\/10\/skuska.png\",\"width\":1916,\"height\":1915,\"caption\":\"PERITOS\"},\"image\":{\"@id\":\"https:\/\/www.peritos.sk\/#\/schema\/logo\/image\/\"}}]}<\/script>\n<!-- \/ Yoast SEO plugin. -->","yoast_head_json":{"title":"Road assistance - PERITOS","robots":{"index":"index","follow":"follow","max-snippet":"max-snippet:-1","max-image-preview":"max-image-preview:large","max-video-preview":"max-video-preview:-1"},"canonical":"https:\/\/www.peritos.sk\/en\/road-assistance\/","og_locale":"en_US","og_type":"article","og_title":"Road assistance - PERITOS","og_description":"ROAD ASSISTANCE Services offere: Starting the vehicle Fuel delivery Wheel replacement Repair of defect Call","og_url":"https:\/\/www.peritos.sk\/en\/road-assistance\/","og_site_name":"PERITOS","article_modified_time":"2023-02-02T12:55:50+00:00","og_image":[{"url":"https:\/\/www.peritos.sk\/wp-content\/uploads\/2022\/11\/pneuservis-1024x713.jpg"}],"twitter_card":"summary_large_image","twitter_misc":{"Est. reading time":"1 minute"},"schema":{"@context":"https:\/\/schema.org","@graph":[{"@type":"WebPage","@id":"https:\/\/www.peritos.sk\/en\/road-assistance\/","url":"https:\/\/www.peritos.sk\/en\/road-assistance\/","name":"Road assistance - PERITOS","isPartOf":{"@id":"https:\/\/www.peritos.sk\/#website"},"primaryImageOfPage":{"@id":"https:\/\/www.peritos.sk\/en\/road-assistance\/#primaryimage"},"image":{"@id":"https:\/\/www.peritos.sk\/en\/road-assistance\/#primaryimage"},"thumbnailUrl":"https:\/\/www.peritos.sk\/wp-content\/uploads\/2022\/11\/pneuservis-1024x713.jpg","datePublished":"2022-11-23T11:39:10+00:00","dateModified":"2023-02-02T12:55:50+00:00","breadcrumb":{"@id":"https:\/\/www.peritos.sk\/en\/road-assistance\/#breadcrumb"},"inLanguage":"en-US","potentialAction":[{"@type":"ReadAction","target":["https:\/\/www.peritos.sk\/en\/road-assistance\/"]}]},{"@type":"ImageObject","inLanguage":"en-US","@id":"https:\/\/www.peritos.sk\/en\/road-assistance\/#primaryimage","url":"https:\/\/www.peritos.sk\/wp-content\/uploads\/2022\/11\/pneuservis-1024x713.jpg","contentUrl":"https:\/\/www.peritos.sk\/wp-content\/uploads\/2022\/11\/pneuservis-1024x713.jpg"},{"@type":"BreadcrumbList","@id":"https:\/\/www.peritos.sk\/en\/road-assistance\/#breadcrumb","itemListElement":[{"@type":"ListItem","position":1,"name":"Domovsk\u00e1 str\u00e1nka","item":"https:\/\/www.peritos.sk\/en\/"},{"@type":"ListItem","position":2,"name":"Road assistance"}]},{"@type":"WebSite","@id":"https:\/\/www.peritos.sk\/#website","url":"https:\/\/www.peritos.sk\/","name":"PERITOS","description":"Autoservis, pneuservis, geometria, od\u0165ahov\u00e1 slu\u017eba","publisher":{"@id":"https:\/\/www.peritos.sk\/#organization"},"potentialAction":[{"@type":"SearchAction","target":{"@type":"EntryPoint","urlTemplate":"https:\/\/www.peritos.sk\/?s={search_term_string}"},"query-input":{"@type":"PropertyValueSpecification","valueRequired":true,"valueName":"search_term_string"}}],"inLanguage":"en-US"},{"@type":"Organization","@id":"https:\/\/www.peritos.sk\/#organization","name":"PERITOS","url":"https:\/\/www.peritos.sk\/","logo":{"@type":"ImageObject","inLanguage":"en-US","@id":"https:\/\/www.peritos.sk\/#\/schema\/logo\/image\/","url":"https:\/\/www.peritos.sk\/wp-content\/uploads\/2022\/10\/skuska.png","contentUrl":"https:\/\/www.peritos.sk\/wp-content\/uploads\/2022\/10\/skuska.png","width":1916,"height":1915,"caption":"PERITOS"},"image":{"@id":"https:\/\/www.peritos.sk\/#\/schema\/logo\/image\/"}}]}},"_links":{"self":[{"href":"https:\/\/www.peritos.sk\/en\/wp-json\/wp\/v2\/pages\/8153","targetHints":{"allow":["GET"]}}],"collection":[{"href":"https:\/\/www.peritos.sk\/en\/wp-json\/wp\/v2\/pages"}],"about":[{"href":"https:\/\/www.peritos.sk\/en\/wp-json\/wp\/v2\/types\/page"}],"author":[{"embeddable":true,"href":"https:\/\/www.peritos.sk\/en\/wp-json\/wp\/v2\/users\/1"}],"replies":[{"embeddable":true,"href":"https:\/\/www.peritos.sk\/en\/wp-json\/wp\/v2\/comments?post=8153"}],"version-history":[{"count":13,"href":"https:\/\/www.peritos.sk\/en\/wp-json\/wp\/v2\/pages\/8153\/revisions"}],"predecessor-version":[{"id":8166,"href":"https:\/\/www.peritos.sk\/en\/wp-json\/wp\/v2\/pages\/8153\/revisions\/8166"}],"wp:attachment":[{"href":"https:\/\/www.peritos.sk\/en\/wp-json\/wp\/v2\/media?parent=8153"}],"curies":[{"name":"wp","href":"https:\/\/api.w.org\/{rel}","templated":true}]}}