{"id":8184,"date":"2022-11-23T12:40:25","date_gmt":"2022-11-23T11:40:25","guid":{"rendered":"https:\/\/www.peritos.sk\/?page_id=8184"},"modified":"2023-02-03T12:04:40","modified_gmt":"2023-02-03T11:04:40","slug":"air-conditioning","status":"publish","type":"page","link":"https:\/\/www.peritos.sk\/en\/air-conditioning\/","title":{"rendered":"Air conditioning"},"content":{"rendered":"\t\t<div data-elementor-type=\"wp-page\" data-elementor-id=\"8184\" class=\"elementor elementor-8184 elementor-6442\" data-elementor-post-type=\"page\">\n\t\t\t\t\t\t<section class=\"elementor-section elementor-top-section elementor-element elementor-element-6ac7e9a elementor-section-boxed elementor-section-height-default elementor-section-height-default\" data-id=\"6ac7e9a\" data-element_type=\"section\">\n\t\t\t\t\t\t<div class=\"elementor-container elementor-column-gap-default\">\n\t\t\t\t\t<div class=\"elementor-column elementor-col-100 elementor-top-column elementor-element elementor-element-8b12856\" data-id=\"8b12856\" data-element_type=\"column\">\n\t\t\t<div class=\"elementor-widget-wrap elementor-element-populated\">\n\t\t\t\t\t\t<div class=\"elementor-element elementor-element-8dfa801 elementor-widget elementor-widget-heading\" data-id=\"8dfa801\" data-element_type=\"widget\" data-widget_type=\"heading.default\">\n\t\t\t\t<div class=\"elementor-widget-container\">\n\t\t\t<h2 class=\"elementor-heading-title elementor-size-default\">AIR CONDITIONING SERVICE<\/h2>\t\t<\/div>\n\t\t\t\t<\/div>\n\t\t\t\t\t<\/div>\n\t\t<\/div>\n\t\t\t\t\t<\/div>\n\t\t<\/section>\n\t\t\t\t<section class=\"elementor-section elementor-top-section elementor-element elementor-element-c239d73 elementor-section-boxed elementor-section-height-default elementor-section-height-default\" data-id=\"c239d73\" data-element_type=\"section\">\n\t\t\t\t\t\t<div class=\"elementor-container elementor-column-gap-default\">\n\t\t\t\t\t<div class=\"elementor-column elementor-col-50 elementor-top-column elementor-element elementor-element-bc95594\" data-id=\"bc95594\" data-element_type=\"column\">\n\t\t\t<div class=\"elementor-widget-wrap elementor-element-populated\">\n\t\t\t\t\t\t<div class=\"elementor-element elementor-element-8e503d5 elementor-widget elementor-widget-image\" data-id=\"8e503d5\" data-element_type=\"widget\" data-widget_type=\"image.default\">\n\t\t\t\t<div class=\"elementor-widget-container\">\n\t\t\t\t\t\t\t\t\t\t\t\t\t<img loading=\"lazy\" loading=\"lazy\" decoding=\"async\" width=\"1024\" height=\"713\" src=\"https:\/\/www.peritos.sk\/wp-content\/uploads\/2022\/11\/servis-klimatizacii-1024x713.jpg\" class=\"attachment-large size-large wp-image-6732\" alt=\"Plnenie a servis autoklimatiz\u00e1cie Bratislava. Chladivo r134a aj r1234yf\" srcset=\"https:\/\/www.peritos.sk\/wp-content\/uploads\/2022\/11\/servis-klimatizacii-1024x713.jpg 1024w, https:\/\/www.peritos.sk\/wp-content\/uploads\/2022\/11\/servis-klimatizacii-300x209.jpg 300w, https:\/\/www.peritos.sk\/wp-content\/uploads\/2022\/11\/servis-klimatizacii-768x534.jpg 768w, https:\/\/www.peritos.sk\/wp-content\/uploads\/2022\/11\/servis-klimatizacii-1536x1069.jpg 1536w, https:\/\/www.peritos.sk\/wp-content\/uploads\/2022\/11\/servis-klimatizacii-1x1.jpg 1w, https:\/\/www.peritos.sk\/wp-content\/uploads\/2022\/11\/servis-klimatizacii-10x7.jpg 10w, https:\/\/www.peritos.sk\/wp-content\/uploads\/2022\/11\/servis-klimatizacii-1320x919.jpg 1320w, https:\/\/www.peritos.sk\/wp-content\/uploads\/2022\/11\/servis-klimatizacii-600x418.jpg 600w, https:\/\/www.peritos.sk\/wp-content\/uploads\/2022\/11\/servis-klimatizacii.jpg 2022w\" sizes=\"auto, (max-width: 1024px) 100vw, 1024px\" \/>\t\t\t\t\t\t\t\t\t\t\t\t\t<\/div>\n\t\t\t\t<\/div>\n\t\t\t\t\t<\/div>\n\t\t<\/div>\n\t\t\t\t<div class=\"elementor-column elementor-col-50 elementor-top-column elementor-element elementor-element-237f8ba\" data-id=\"237f8ba\" data-element_type=\"column\">\n\t\t\t<div class=\"elementor-widget-wrap elementor-element-populated\">\n\t\t\t\t\t\t<div class=\"elementor-element elementor-element-16033f0 elementor-widget elementor-widget-text-editor\" data-id=\"16033f0\" data-element_type=\"widget\" data-widget_type=\"text-editor.default\">\n\t\t\t\t<div class=\"elementor-widget-container\">\n\t\t\t\t\t\t\t<p style=\"text-align: left;\"><img loading=\"lazy\" loading=\"lazy\" decoding=\"async\" class=\"alignnone wp-image-6192\" src=\"https:\/\/www.peritos.sk\/wp-content\/uploads\/2022\/11\/icon-1.png\" alt=\"\" width=\"29\" height=\"28\" srcset=\"https:\/\/www.peritos.sk\/wp-content\/uploads\/2022\/11\/icon-1.png 84w, https:\/\/www.peritos.sk\/wp-content\/uploads\/2022\/11\/icon-1-1x1.png 1w, https:\/\/www.peritos.sk\/wp-content\/uploads\/2022\/11\/icon-1-10x10.png 10w\" sizes=\"auto, (max-width: 29px) 100vw, 29px\" \/> <strong>We offer a complete service of car air conditioners<\/strong>:<\/p>\t\t\t\t\t\t<\/div>\n\t\t\t\t<\/div>\n\t\t\t\t<div class=\"elementor-element elementor-element-b386ada elementor-icon-list--layout-traditional elementor-list-item-link-full_width elementor-widget elementor-widget-icon-list\" data-id=\"b386ada\" data-element_type=\"widget\" data-widget_type=\"icon-list.default\">\n\t\t\t\t<div class=\"elementor-widget-container\">\n\t\t\t\t\t<ul class=\"elementor-icon-list-items\">\n\t\t\t\t\t\t\t<li class=\"elementor-icon-list-item\">\n\t\t\t\t\t\t\t\t\t\t\t<span class=\"elementor-icon-list-icon\">\n\t\t\t\t\t\t\t<i aria-hidden=\"true\" class=\"fas fa-chevron-circle-right\"><\/i>\t\t\t\t\t\t<\/span>\n\t\t\t\t\t\t\t\t\t\t<span class=\"elementor-icon-list-text\">Filling car and truck air conditioners<\/span>\n\t\t\t\t\t\t\t\t\t<\/li>\n\t\t\t\t\t\t\t\t<li class=\"elementor-icon-list-item\">\n\t\t\t\t\t\t\t\t\t\t\t<span class=\"elementor-icon-list-icon\">\n\t\t\t\t\t\t\t<i aria-hidden=\"true\" class=\"fas fa-chevron-circle-right\"><\/i>\t\t\t\t\t\t<\/span>\n\t\t\t\t\t\t\t\t\t\t<span class=\"elementor-icon-list-text\">Filling car air conditioners with r134a refrigerant<\/span>\n\t\t\t\t\t\t\t\t\t<\/li>\n\t\t\t\t\t\t\t\t<li class=\"elementor-icon-list-item\">\n\t\t\t\t\t\t\t\t\t\t\t<span class=\"elementor-icon-list-icon\">\n\t\t\t\t\t\t\t<i aria-hidden=\"true\" class=\"fas fa-chevron-circle-right\"><\/i>\t\t\t\t\t\t<\/span>\n\t\t\t\t\t\t\t\t\t\t<span class=\"elementor-icon-list-text\">Filling car air conditioners with r1234yf refrigerant<\/span>\n\t\t\t\t\t\t\t\t\t<\/li>\n\t\t\t\t\t\t\t\t<li class=\"elementor-icon-list-item\">\n\t\t\t\t\t\t\t\t\t\t\t<span class=\"elementor-icon-list-icon\">\n\t\t\t\t\t\t\t<i aria-hidden=\"true\" class=\"fas fa-chevron-circle-right\"><\/i>\t\t\t\t\t\t<\/span>\n\t\t\t\t\t\t\t\t\t\t<span class=\"elementor-icon-list-text\">Diagnostics and repair of car air conditioners<\/span>\n\t\t\t\t\t\t\t\t\t<\/li>\n\t\t\t\t\t\t\t\t<li class=\"elementor-icon-list-item\">\n\t\t\t\t\t\t\t\t\t\t\t<span class=\"elementor-icon-list-icon\">\n\t\t\t\t\t\t\t<i aria-hidden=\"true\" class=\"fas fa-chevron-circle-right\"><\/i>\t\t\t\t\t\t<\/span>\n\t\t\t\t\t\t\t\t\t\t<span class=\"elementor-icon-list-text\">Replacement of compressors, air conditioner coolers<\/span>\n\t\t\t\t\t\t\t\t\t<\/li>\n\t\t\t\t\t\t\t\t<li class=\"elementor-icon-list-item\">\n\t\t\t\t\t\t\t\t\t\t\t<span class=\"elementor-icon-list-icon\">\n\t\t\t\t\t\t\t<i aria-hidden=\"true\" class=\"fas fa-chevron-circle-right\"><\/i>\t\t\t\t\t\t<\/span>\n\t\t\t\t\t\t\t\t\t\t<span class=\"elementor-icon-list-text\">Detection of refrigerant leaks<\/span>\n\t\t\t\t\t\t\t\t\t<\/li>\n\t\t\t\t\t\t\t\t<li class=\"elementor-icon-list-item\">\n\t\t\t\t\t\t\t\t\t\t\t<span class=\"elementor-icon-list-icon\">\n\t\t\t\t\t\t\t<i aria-hidden=\"true\" class=\"fas fa-chevron-circle-right\"><\/i>\t\t\t\t\t\t<\/span>\n\t\t\t\t\t\t\t\t\t\t<span class=\"elementor-icon-list-text\">Disinfection of vehicles with ozone <\/span>\n\t\t\t\t\t\t\t\t\t<\/li>\n\t\t\t\t\t\t\t\t<li class=\"elementor-icon-list-item\">\n\t\t\t\t\t\t\t\t\t\t\t<span class=\"elementor-icon-list-icon\">\n\t\t\t\t\t\t\t<i aria-hidden=\"true\" class=\"fas fa-chevron-circle-right\"><\/i>\t\t\t\t\t\t<\/span>\n\t\t\t\t\t\t\t\t\t\t<span class=\"elementor-icon-list-text\">Welding of air conditioning pipes<\/span>\n\t\t\t\t\t\t\t\t\t<\/li>\n\t\t\t\t\t\t<\/ul>\n\t\t\t\t<\/div>\n\t\t\t\t<\/div>\n\t\t\t\t\t<\/div>\n\t\t<\/div>\n\t\t\t\t\t<\/div>\n\t\t<\/section>\n\t\t\t\t<section class=\"elementor-section elementor-top-section elementor-element elementor-element-2c08d08a elementor-section-boxed elementor-section-height-default elementor-section-height-default\" data-id=\"2c08d08a\" data-element_type=\"section\">\n\t\t\t\t\t\t\t<div class=\"elementor-background-overlay\"><\/div>\n\t\t\t\t\t\t\t<div class=\"elementor-container elementor-column-gap-default\">\n\t\t\t\t\t<div class=\"elementor-column elementor-col-100 elementor-top-column elementor-element elementor-element-1331801a\" data-id=\"1331801a\" data-element_type=\"column\">\n\t\t\t<div class=\"elementor-widget-wrap elementor-element-populated\">\n\t\t\t\t\t\t<section class=\"elementor-section elementor-inner-section elementor-element elementor-element-2b6037ae elementor-section-boxed elementor-section-height-default elementor-section-height-default\" data-id=\"2b6037ae\" data-element_type=\"section\">\n\t\t\t\t\t\t<div class=\"elementor-container elementor-column-gap-default\">\n\t\t\t\t\t<div class=\"elementor-column elementor-col-100 elementor-inner-column elementor-element elementor-element-60913ad3\" data-id=\"60913ad3\" data-element_type=\"column\">\n\t\t\t<div class=\"elementor-widget-wrap elementor-element-populated\">\n\t\t\t\t\t\t<div class=\"elementor-element elementor-element-2e67788a elementor-widget elementor-widget-text-editor\" data-id=\"2e67788a\" data-element_type=\"widget\" data-widget_type=\"text-editor.default\">\n\t\t\t\t<div class=\"elementor-widget-container\">\n\t\t\t\t\t\t\t<p style=\"text-align: center;\"><span style=\"color: #54595f;\"><span style=\"color: #ee1a26;\"><strong>Air conditioning service opening hours:<\/strong><\/span> Mon &#8211; Fri 8:00 &#8211; 18:00<br \/><\/span><\/p>\t\t\t\t\t\t<\/div>\n\t\t\t\t<\/div>\n\t\t\t\t<div class=\"elementor-element elementor-element-4bdef7f elementor-mobile-align-center elementor-align-center elementor-widget elementor-widget-button\" data-id=\"4bdef7f\" data-element_type=\"widget\" data-widget_type=\"button.default\">\n\t\t\t\t<div class=\"elementor-widget-container\">\n\t\t\t\t\t<div class=\"elementor-button-wrapper\">\n\t\t\t<a class=\"elementor-button elementor-button-link elementor-size-sm\" href=\"mailto:info@peritos.k\">\n\t\t\t\t\t\t<span class=\"elementor-button-content-wrapper\">\n\t\t\t\t\t\t\t\t\t<span class=\"elementor-button-text\">Contact us<\/span>\n\t\t\t\t\t<\/span>\n\t\t\t\t\t<\/a>\n\t\t<\/div>\n\t\t\t\t<\/div>\n\t\t\t\t<\/div>\n\t\t\t\t\t<\/div>\n\t\t<\/div>\n\t\t\t\t\t<\/div>\n\t\t<\/section>\n\t\t\t\t\t<\/div>\n\t\t<\/div>\n\t\t\t\t\t<\/div>\n\t\t<\/section>\n\t\t\t\t<section class=\"elementor-section elementor-top-section elementor-element elementor-element-3a58aea elementor-section-boxed elementor-section-height-default elementor-section-height-default\" data-id=\"3a58aea\" data-element_type=\"section\">\n\t\t\t\t\t\t<div class=\"elementor-container elementor-column-gap-default\">\n\t\t\t\t\t<div class=\"elementor-column elementor-col-50 elementor-top-column elementor-element elementor-element-cdd072e\" data-id=\"cdd072e\" data-element_type=\"column\">\n\t\t\t<div class=\"elementor-widget-wrap elementor-element-populated\">\n\t\t\t\t\t\t<div class=\"elementor-element elementor-element-87e0149 elementor-widget elementor-widget-text-editor\" data-id=\"87e0149\" data-element_type=\"widget\" data-widget_type=\"text-editor.default\">\n\t\t\t\t<div class=\"elementor-widget-container\">\n\t\t\t\t\t\t\t<p><span class=\"wnd-font-size-80\"><strong><span style=\"color: #ff0000;\">Frequent problems of car air conditioning:<\/span><\/strong><br \/><\/span><\/p><p>Among the main causes of non-functioning or poor functioning of the air conditioning in the car is the lack of cooling medium, the natural leakage of which is approximately 10% per year. After several years of operation without maintenance, the level may be low in the system. The air conditioning then cools worse. Degradation of the oil in the system occurs, which binds moisture, causing excessive wear on the compressor because the oil that circulates with the refrigerant in the system does not reach it in sufficient quantity.<\/p><p><span class=\"wnd-font-size-80\">\u00a0<\/span><\/p>\t\t\t\t\t\t<\/div>\n\t\t\t\t<\/div>\n\t\t\t\t\t<\/div>\n\t\t<\/div>\n\t\t\t\t<div class=\"elementor-column elementor-col-50 elementor-top-column elementor-element elementor-element-9b1b39b\" data-id=\"9b1b39b\" data-element_type=\"column\">\n\t\t\t<div class=\"elementor-widget-wrap elementor-element-populated\">\n\t\t\t\t\t\t<div class=\"elementor-element elementor-element-c8c9e1e elementor-widget elementor-widget-text-editor\" data-id=\"c8c9e1e\" data-element_type=\"widget\" data-widget_type=\"text-editor.default\">\n\t\t\t\t<div class=\"elementor-widget-container\">\n\t\t\t\t\t\t\t<p>\u00a0<\/p><p>Other causes of system malfunction are a clogged dryer, bad expansion valve, damaged compressor, malfunctioning temperature and pressure sensors, etc. We can detect the leakage of the cooling medium using electronic detectors or using nitrogen.<\/p><p>We also repair air conditioners, not just fill them. Non-functioning air conditioning can have several causes, we will figure out where the problem is.<\/p><p><span class=\"wnd-font-size-80\">\u00a0<\/span><\/p>\t\t\t\t\t\t<\/div>\n\t\t\t\t<\/div>\n\t\t\t\t\t<\/div>\n\t\t<\/div>\n\t\t\t\t\t<\/div>\n\t\t<\/section>\n\t\t\t\t<\/div>\n\t\t","protected":false},"excerpt":{"rendered":"<p>AIR CONDITIONING SERVICE We offer a complete service of car air conditioners: Filling car and truck air conditioners Filling car air conditioners with r134a refrigerant&#8230;<\/p>\n","protected":false},"author":1,"featured_media":0,"parent":0,"menu_order":0,"comment_status":"closed","ping_status":"closed","template":"","meta":{"_monsterinsights_skip_tracking":false,"_monsterinsights_sitenote_active":false,"_monsterinsights_sitenote_note":"","_monsterinsights_sitenote_category":0,"_uf_show_specific_survey":0,"_uf_disable_surveys":false,"footnotes":""},"class_list":["post-8184","page","type-page","status-publish","hentry"],"yoast_head":"<!-- This site is optimized with the Yoast SEO plugin v23.7 - https:\/\/yoast.com\/wordpress\/plugins\/seo\/ -->\n<title>Air conditioning - PERITOS<\/title>\n<meta name=\"robots\" content=\"index, follow, max-snippet:-1, max-image-preview:large, max-video-preview:-1\" \/>\n<link rel=\"canonical\" href=\"https:\/\/www.peritos.sk\/en\/air-conditioning\/\" \/>\n<meta property=\"og:locale\" content=\"en_US\" \/>\n<meta property=\"og:type\" content=\"article\" \/>\n<meta property=\"og:title\" content=\"Air conditioning - PERITOS\" \/>\n<meta property=\"og:description\" content=\"AIR CONDITIONING SERVICE We offer a complete service of car air conditioners: Filling car and truck air conditioners Filling car air conditioners with r134a refrigerant...\" \/>\n<meta property=\"og:url\" content=\"https:\/\/www.peritos.sk\/en\/air-conditioning\/\" \/>\n<meta property=\"og:site_name\" content=\"PERITOS\" \/>\n<meta property=\"article:modified_time\" content=\"2023-02-03T11:04:40+00:00\" \/>\n<meta property=\"og:image\" content=\"https:\/\/www.peritos.sk\/wp-content\/uploads\/2022\/11\/servis-klimatizacii-1024x713.jpg\" \/>\n<meta name=\"twitter:card\" content=\"summary_large_image\" \/>\n<meta name=\"twitter:label1\" content=\"Est. reading time\" \/>\n\t<meta name=\"twitter:data1\" content=\"2 minutes\" \/>\n<script type=\"application\/ld+json\" class=\"yoast-schema-graph\">{\"@context\":\"https:\/\/schema.org\",\"@graph\":[{\"@type\":\"WebPage\",\"@id\":\"https:\/\/www.peritos.sk\/en\/air-conditioning\/\",\"url\":\"https:\/\/www.peritos.sk\/en\/air-conditioning\/\",\"name\":\"Air conditioning - PERITOS\",\"isPartOf\":{\"@id\":\"https:\/\/www.peritos.sk\/#website\"},\"primaryImageOfPage\":{\"@id\":\"https:\/\/www.peritos.sk\/en\/air-conditioning\/#primaryimage\"},\"image\":{\"@id\":\"https:\/\/www.peritos.sk\/en\/air-conditioning\/#primaryimage\"},\"thumbnailUrl\":\"https:\/\/www.peritos.sk\/wp-content\/uploads\/2022\/11\/servis-klimatizacii-1024x713.jpg\",\"datePublished\":\"2022-11-23T11:40:25+00:00\",\"dateModified\":\"2023-02-03T11:04:40+00:00\",\"breadcrumb\":{\"@id\":\"https:\/\/www.peritos.sk\/en\/air-conditioning\/#breadcrumb\"},\"inLanguage\":\"en-US\",\"potentialAction\":[{\"@type\":\"ReadAction\",\"target\":[\"https:\/\/www.peritos.sk\/en\/air-conditioning\/\"]}]},{\"@type\":\"ImageObject\",\"inLanguage\":\"en-US\",\"@id\":\"https:\/\/www.peritos.sk\/en\/air-conditioning\/#primaryimage\",\"url\":\"https:\/\/www.peritos.sk\/wp-content\/uploads\/2022\/11\/servis-klimatizacii-1024x713.jpg\",\"contentUrl\":\"https:\/\/www.peritos.sk\/wp-content\/uploads\/2022\/11\/servis-klimatizacii-1024x713.jpg\"},{\"@type\":\"BreadcrumbList\",\"@id\":\"https:\/\/www.peritos.sk\/en\/air-conditioning\/#breadcrumb\",\"itemListElement\":[{\"@type\":\"ListItem\",\"position\":1,\"name\":\"Domovsk\u00e1 str\u00e1nka\",\"item\":\"https:\/\/www.peritos.sk\/en\/\"},{\"@type\":\"ListItem\",\"position\":2,\"name\":\"Air conditioning\"}]},{\"@type\":\"WebSite\",\"@id\":\"https:\/\/www.peritos.sk\/#website\",\"url\":\"https:\/\/www.peritos.sk\/\",\"name\":\"PERITOS\",\"description\":\"Autoservis, pneuservis, geometria, od\u0165ahov\u00e1 slu\u017eba\",\"publisher\":{\"@id\":\"https:\/\/www.peritos.sk\/#organization\"},\"potentialAction\":[{\"@type\":\"SearchAction\",\"target\":{\"@type\":\"EntryPoint\",\"urlTemplate\":\"https:\/\/www.peritos.sk\/?s={search_term_string}\"},\"query-input\":{\"@type\":\"PropertyValueSpecification\",\"valueRequired\":true,\"valueName\":\"search_term_string\"}}],\"inLanguage\":\"en-US\"},{\"@type\":\"Organization\",\"@id\":\"https:\/\/www.peritos.sk\/#organization\",\"name\":\"PERITOS\",\"url\":\"https:\/\/www.peritos.sk\/\",\"logo\":{\"@type\":\"ImageObject\",\"inLanguage\":\"en-US\",\"@id\":\"https:\/\/www.peritos.sk\/#\/schema\/logo\/image\/\",\"url\":\"https:\/\/www.peritos.sk\/wp-content\/uploads\/2022\/10\/skuska.png\",\"contentUrl\":\"https:\/\/www.peritos.sk\/wp-content\/uploads\/2022\/10\/skuska.png\",\"width\":1916,\"height\":1915,\"caption\":\"PERITOS\"},\"image\":{\"@id\":\"https:\/\/www.peritos.sk\/#\/schema\/logo\/image\/\"}}]}<\/script>\n<!-- \/ Yoast SEO plugin. -->","yoast_head_json":{"title":"Air conditioning - PERITOS","robots":{"index":"index","follow":"follow","max-snippet":"max-snippet:-1","max-image-preview":"max-image-preview:large","max-video-preview":"max-video-preview:-1"},"canonical":"https:\/\/www.peritos.sk\/en\/air-conditioning\/","og_locale":"en_US","og_type":"article","og_title":"Air conditioning - PERITOS","og_description":"AIR CONDITIONING SERVICE We offer a complete service of car air conditioners: Filling car and truck air conditioners Filling car air conditioners with r134a refrigerant...","og_url":"https:\/\/www.peritos.sk\/en\/air-conditioning\/","og_site_name":"PERITOS","article_modified_time":"2023-02-03T11:04:40+00:00","og_image":[{"url":"https:\/\/www.peritos.sk\/wp-content\/uploads\/2022\/11\/servis-klimatizacii-1024x713.jpg"}],"twitter_card":"summary_large_image","twitter_misc":{"Est. reading time":"2 minutes"},"schema":{"@context":"https:\/\/schema.org","@graph":[{"@type":"WebPage","@id":"https:\/\/www.peritos.sk\/en\/air-conditioning\/","url":"https:\/\/www.peritos.sk\/en\/air-conditioning\/","name":"Air conditioning - PERITOS","isPartOf":{"@id":"https:\/\/www.peritos.sk\/#website"},"primaryImageOfPage":{"@id":"https:\/\/www.peritos.sk\/en\/air-conditioning\/#primaryimage"},"image":{"@id":"https:\/\/www.peritos.sk\/en\/air-conditioning\/#primaryimage"},"thumbnailUrl":"https:\/\/www.peritos.sk\/wp-content\/uploads\/2022\/11\/servis-klimatizacii-1024x713.jpg","datePublished":"2022-11-23T11:40:25+00:00","dateModified":"2023-02-03T11:04:40+00:00","breadcrumb":{"@id":"https:\/\/www.peritos.sk\/en\/air-conditioning\/#breadcrumb"},"inLanguage":"en-US","potentialAction":[{"@type":"ReadAction","target":["https:\/\/www.peritos.sk\/en\/air-conditioning\/"]}]},{"@type":"ImageObject","inLanguage":"en-US","@id":"https:\/\/www.peritos.sk\/en\/air-conditioning\/#primaryimage","url":"https:\/\/www.peritos.sk\/wp-content\/uploads\/2022\/11\/servis-klimatizacii-1024x713.jpg","contentUrl":"https:\/\/www.peritos.sk\/wp-content\/uploads\/2022\/11\/servis-klimatizacii-1024x713.jpg"},{"@type":"BreadcrumbList","@id":"https:\/\/www.peritos.sk\/en\/air-conditioning\/#breadcrumb","itemListElement":[{"@type":"ListItem","position":1,"name":"Domovsk\u00e1 str\u00e1nka","item":"https:\/\/www.peritos.sk\/en\/"},{"@type":"ListItem","position":2,"name":"Air conditioning"}]},{"@type":"WebSite","@id":"https:\/\/www.peritos.sk\/#website","url":"https:\/\/www.peritos.sk\/","name":"PERITOS","description":"Autoservis, pneuservis, geometria, od\u0165ahov\u00e1 slu\u017eba","publisher":{"@id":"https:\/\/www.peritos.sk\/#organization"},"potentialAction":[{"@type":"SearchAction","target":{"@type":"EntryPoint","urlTemplate":"https:\/\/www.peritos.sk\/?s={search_term_string}"},"query-input":{"@type":"PropertyValueSpecification","valueRequired":true,"valueName":"search_term_string"}}],"inLanguage":"en-US"},{"@type":"Organization","@id":"https:\/\/www.peritos.sk\/#organization","name":"PERITOS","url":"https:\/\/www.peritos.sk\/","logo":{"@type":"ImageObject","inLanguage":"en-US","@id":"https:\/\/www.peritos.sk\/#\/schema\/logo\/image\/","url":"https:\/\/www.peritos.sk\/wp-content\/uploads\/2022\/10\/skuska.png","contentUrl":"https:\/\/www.peritos.sk\/wp-content\/uploads\/2022\/10\/skuska.png","width":1916,"height":1915,"caption":"PERITOS"},"image":{"@id":"https:\/\/www.peritos.sk\/#\/schema\/logo\/image\/"}}]}},"_links":{"self":[{"href":"https:\/\/www.peritos.sk\/en\/wp-json\/wp\/v2\/pages\/8184","targetHints":{"allow":["GET"]}}],"collection":[{"href":"https:\/\/www.peritos.sk\/en\/wp-json\/wp\/v2\/pages"}],"about":[{"href":"https:\/\/www.peritos.sk\/en\/wp-json\/wp\/v2\/types\/page"}],"author":[{"embeddable":true,"href":"https:\/\/www.peritos.sk\/en\/wp-json\/wp\/v2\/users\/1"}],"replies":[{"embeddable":true,"href":"https:\/\/www.peritos.sk\/en\/wp-json\/wp\/v2\/comments?post=8184"}],"version-history":[{"count":40,"href":"https:\/\/www.peritos.sk\/en\/wp-json\/wp\/v2\/pages\/8184\/revisions"}],"predecessor-version":[{"id":8456,"href":"https:\/\/www.peritos.sk\/en\/wp-json\/wp\/v2\/pages\/8184\/revisions\/8456"}],"wp:attachment":[{"href":"https:\/\/www.peritos.sk\/en\/wp-json\/wp\/v2\/media?parent=8184"}],"curies":[{"name":"wp","href":"https:\/\/api.w.org\/{rel}","templated":true}]}}