{"id":8216,"date":"2022-11-23T12:42:13","date_gmt":"2022-11-23T11:42:13","guid":{"rendered":"https:\/\/www.peritos.sk\/?page_id=8216"},"modified":"2023-02-02T14:09:03","modified_gmt":"2023-02-02T13:09:03","slug":"contact","status":"publish","type":"page","link":"https:\/\/www.peritos.sk\/en\/contact\/","title":{"rendered":"Contact"},"content":{"rendered":"\t\t<div data-elementor-type=\"wp-page\" data-elementor-id=\"8216\" class=\"elementor elementor-8216 elementor-6448\" data-elementor-post-type=\"page\">\n\t\t\t\t\t\t<section class=\"elementor-section elementor-top-section elementor-element elementor-element-6ac7e9a elementor-section-boxed elementor-section-height-default elementor-section-height-default\" data-id=\"6ac7e9a\" data-element_type=\"section\">\n\t\t\t\t\t\t<div class=\"elementor-container elementor-column-gap-default\">\n\t\t\t\t\t<div class=\"elementor-column elementor-col-100 elementor-top-column elementor-element elementor-element-8b12856\" data-id=\"8b12856\" data-element_type=\"column\">\n\t\t\t<div class=\"elementor-widget-wrap elementor-element-populated\">\n\t\t\t\t\t\t<div class=\"elementor-element elementor-element-8dfa801 elementor-widget elementor-widget-heading\" data-id=\"8dfa801\" data-element_type=\"widget\" data-widget_type=\"heading.default\">\n\t\t\t\t<div class=\"elementor-widget-container\">\n\t\t\t<h2 class=\"elementor-heading-title elementor-size-default\">CONTACT US<\/h2>\t\t<\/div>\n\t\t\t\t<\/div>\n\t\t\t\t\t<\/div>\n\t\t<\/div>\n\t\t\t\t\t<\/div>\n\t\t<\/section>\n\t\t\t\t<section class=\"elementor-section elementor-top-section elementor-element elementor-element-ae64db1 elementor-section-boxed elementor-section-height-default elementor-section-height-default\" data-id=\"ae64db1\" data-element_type=\"section\">\n\t\t\t\t\t\t\t<div class=\"elementor-background-overlay\"><\/div>\n\t\t\t\t\t\t\t<div class=\"elementor-container elementor-column-gap-default\">\n\t\t\t\t\t<div class=\"elementor-column elementor-col-100 elementor-top-column elementor-element elementor-element-706674d\" data-id=\"706674d\" data-element_type=\"column\">\n\t\t\t<div class=\"elementor-widget-wrap elementor-element-populated\">\n\t\t\t\t\t\t<section class=\"elementor-section elementor-inner-section elementor-element elementor-element-3e06d85 elementor-section-boxed elementor-section-height-default elementor-section-height-default\" data-id=\"3e06d85\" data-element_type=\"section\">\n\t\t\t\t\t\t<div class=\"elementor-container elementor-column-gap-default\">\n\t\t\t\t\t<div class=\"elementor-column elementor-col-100 elementor-inner-column elementor-element elementor-element-c15e2c1\" data-id=\"c15e2c1\" data-element_type=\"column\">\n\t\t\t<div class=\"elementor-widget-wrap elementor-element-populated\">\n\t\t\t\t\t\t<div class=\"elementor-element elementor-element-0b29cbf elementor-widget elementor-widget-text-editor\" data-id=\"0b29cbf\" data-element_type=\"widget\" data-widget_type=\"text-editor.default\">\n\t\t\t\t<div class=\"elementor-widget-container\">\n\t\t\t\t\t\t\t<p style=\"text-align: center;\"><img loading=\"lazy\" loading=\"lazy\" decoding=\"async\" class=\"alignnone wp-image-6192\" src=\"https:\/\/www.peritos.sk\/wp-content\/uploads\/2022\/11\/icon-1.png\" alt=\"\" width=\"29\" height=\"28\" srcset=\"https:\/\/www.peritos.sk\/wp-content\/uploads\/2022\/11\/icon-1.png 84w, https:\/\/www.peritos.sk\/wp-content\/uploads\/2022\/11\/icon-1-1x1.png 1w, https:\/\/www.peritos.sk\/wp-content\/uploads\/2022\/11\/icon-1-10x10.png 10w\" sizes=\"auto, (max-width: 29px) 100vw, 29px\" \/> If you are interested in our services, do not hesitate to contact us:<\/p>\t\t\t\t\t\t<\/div>\n\t\t\t\t<\/div>\n\t\t\t\t\t<\/div>\n\t\t<\/div>\n\t\t\t\t\t<\/div>\n\t\t<\/section>\n\t\t\t\t\t<\/div>\n\t\t<\/div>\n\t\t\t\t\t<\/div>\n\t\t<\/section>\n\t\t\t\t<section class=\"elementor-section elementor-top-section elementor-element elementor-element-f1416db elementor-section-boxed elementor-section-height-default elementor-section-height-default\" data-id=\"f1416db\" data-element_type=\"section\">\n\t\t\t\t\t\t<div class=\"elementor-container elementor-column-gap-default\">\n\t\t\t\t\t<div class=\"elementor-column elementor-col-50 elementor-top-column elementor-element elementor-element-ff4e039\" data-id=\"ff4e039\" data-element_type=\"column\">\n\t\t\t<div class=\"elementor-widget-wrap elementor-element-populated\">\n\t\t\t\t\t\t<div class=\"elementor-element elementor-element-07bfb53 elementor-widget elementor-widget-text-editor\" data-id=\"07bfb53\" data-element_type=\"widget\" data-widget_type=\"text-editor.default\">\n\t\t\t\t<div class=\"elementor-widget-container\">\n\t\t\t\t\t\t\t<p style=\"text-align: left;\"><span style=\"color: #54595f;\"><strong><span style=\"color: #ed1c24;\">Vehicle towing:<\/span><\/strong> <br \/><strong>Phone:<\/strong> +421 948 450 450<br \/><strong>E-mail:<\/strong> odtah@peritos.sk<br \/><\/span><span style=\"color: #54595f;\"><strong>Nonstop 24h<\/strong><br \/><\/span><\/p>\t\t\t\t\t\t<\/div>\n\t\t\t\t<\/div>\n\t\t\t\t<div class=\"elementor-element elementor-element-a658cf9 elementor-widget elementor-widget-text-editor\" data-id=\"a658cf9\" data-element_type=\"widget\" data-widget_type=\"text-editor.default\">\n\t\t\t\t<div class=\"elementor-widget-container\">\n\t\t\t\t\t\t\t<p style=\"text-align: left;\"><span style=\"color: #54595f;\"><strong><span style=\"color: #ed1c24;\">Car service &#8211; tire service:<\/span><\/strong> <br \/><strong>Phone:<\/strong> +421 911 788 786\u00a0<br \/><strong>E-mail:<\/strong> servis@peritos.sk<br \/><strong>Mon &#8211; Fri 8:00 &#8211; 18:00<\/strong><br \/><\/span><\/p>\t\t\t\t\t\t<\/div>\n\t\t\t\t<\/div>\n\t\t\t\t<div class=\"elementor-element elementor-element-bd4df29 elementor-widget elementor-widget-text-editor\" data-id=\"bd4df29\" data-element_type=\"widget\" data-widget_type=\"text-editor.default\">\n\t\t\t\t<div class=\"elementor-widget-container\">\n\t\t\t\t\t\t\t<p style=\"text-align: left;\"><span style=\"color: #54595f;\"><strong><span style=\"color: #ed1c24;\">Company details:<\/span><\/strong> <br \/><\/span><strong>PERITOS, s.r.o.<br \/><\/strong>Kop\u010dianska 92<br \/>852 03 Bratislava<br \/>SK &#8211; Slovakia<\/p><p>Id. Nr: 46691481<br \/>VAT: SK2023530047<\/p><p>\u00a0<\/p><p style=\"text-align: left;\"><span style=\"color: #54595f;\">\u00a0<\/span><\/p>\t\t\t\t\t\t<\/div>\n\t\t\t\t<\/div>\n\t\t\t\t\t<\/div>\n\t\t<\/div>\n\t\t\t\t<div class=\"elementor-column elementor-col-50 elementor-top-column elementor-element elementor-element-59ce35c\" data-id=\"59ce35c\" data-element_type=\"column\">\n\t\t\t<div class=\"elementor-widget-wrap elementor-element-populated\">\n\t\t\t\t\t\t<div class=\"elementor-element elementor-element-a027b7b elementor-widget-mobile__width-inherit elementor-widget elementor-widget-google_maps\" data-id=\"a027b7b\" data-element_type=\"widget\" data-widget_type=\"google_maps.default\">\n\t\t\t\t<div class=\"elementor-widget-container\">\n\t\t\t\t\t<div class=\"elementor-custom-embed\">\n\t\t\t<iframe loading=\"lazy\"\n\t\t\t\t\tsrc=\"https:\/\/maps.google.com\/maps?q=peritos&#038;t=m&#038;z=10&#038;output=embed&#038;iwloc=near\"\n\t\t\t\t\ttitle=\"peritos\"\n\t\t\t\t\taria-label=\"peritos\"\n\t\t\t><\/iframe>\n\t\t<\/div>\n\t\t\t\t<\/div>\n\t\t\t\t<\/div>\n\t\t\t\t\t<\/div>\n\t\t<\/div>\n\t\t\t\t\t<\/div>\n\t\t<\/section>\n\t\t\t\t<\/div>\n\t\t","protected":false},"excerpt":{"rendered":"<p>CONTACT US If you are interested in our services, do not hesitate to contact us: Vehicle towing: Phone: +421 948 450 450E-mail: odtah@peritos.skNonstop 24h Car&#8230;<\/p>\n","protected":false},"author":1,"featured_media":0,"parent":0,"menu_order":0,"comment_status":"closed","ping_status":"closed","template":"","meta":{"_monsterinsights_skip_tracking":false,"_monsterinsights_sitenote_active":false,"_monsterinsights_sitenote_note":"","_monsterinsights_sitenote_category":0,"_uf_show_specific_survey":0,"_uf_disable_surveys":false,"footnotes":""},"class_list":["post-8216","page","type-page","status-publish","hentry"],"yoast_head":"<!-- This site is optimized with the Yoast SEO plugin v23.7 - https:\/\/yoast.com\/wordpress\/plugins\/seo\/ -->\n<title>Contact - PERITOS<\/title>\n<meta name=\"robots\" content=\"index, follow, max-snippet:-1, max-image-preview:large, max-video-preview:-1\" \/>\n<link rel=\"canonical\" href=\"https:\/\/www.peritos.sk\/en\/contact\/\" \/>\n<meta property=\"og:locale\" content=\"en_US\" \/>\n<meta property=\"og:type\" content=\"article\" \/>\n<meta property=\"og:title\" content=\"Contact - PERITOS\" \/>\n<meta property=\"og:description\" content=\"CONTACT US If you are interested in our services, do not hesitate to contact us: Vehicle towing: Phone: +421 948 450 450E-mail: odtah@peritos.skNonstop 24h Car...\" \/>\n<meta property=\"og:url\" content=\"https:\/\/www.peritos.sk\/en\/contact\/\" \/>\n<meta property=\"og:site_name\" content=\"PERITOS\" \/>\n<meta property=\"article:modified_time\" content=\"2023-02-02T13:09:03+00:00\" \/>\n<meta property=\"og:image\" content=\"https:\/\/www.peritos.sk\/wp-content\/uploads\/2022\/11\/icon-1.png\" \/>\n<meta name=\"twitter:card\" content=\"summary_large_image\" \/>\n<meta name=\"twitter:label1\" content=\"Est. reading time\" \/>\n\t<meta name=\"twitter:data1\" content=\"1 minute\" \/>\n<script type=\"application\/ld+json\" class=\"yoast-schema-graph\">{\"@context\":\"https:\/\/schema.org\",\"@graph\":[{\"@type\":\"WebPage\",\"@id\":\"https:\/\/www.peritos.sk\/en\/contact\/\",\"url\":\"https:\/\/www.peritos.sk\/en\/contact\/\",\"name\":\"Contact - PERITOS\",\"isPartOf\":{\"@id\":\"https:\/\/www.peritos.sk\/#website\"},\"primaryImageOfPage\":{\"@id\":\"https:\/\/www.peritos.sk\/en\/contact\/#primaryimage\"},\"image\":{\"@id\":\"https:\/\/www.peritos.sk\/en\/contact\/#primaryimage\"},\"thumbnailUrl\":\"https:\/\/www.peritos.sk\/wp-content\/uploads\/2022\/11\/icon-1.png\",\"datePublished\":\"2022-11-23T11:42:13+00:00\",\"dateModified\":\"2023-02-02T13:09:03+00:00\",\"breadcrumb\":{\"@id\":\"https:\/\/www.peritos.sk\/en\/contact\/#breadcrumb\"},\"inLanguage\":\"en-US\",\"potentialAction\":[{\"@type\":\"ReadAction\",\"target\":[\"https:\/\/www.peritos.sk\/en\/contact\/\"]}]},{\"@type\":\"ImageObject\",\"inLanguage\":\"en-US\",\"@id\":\"https:\/\/www.peritos.sk\/en\/contact\/#primaryimage\",\"url\":\"https:\/\/www.peritos.sk\/wp-content\/uploads\/2022\/11\/icon-1.png\",\"contentUrl\":\"https:\/\/www.peritos.sk\/wp-content\/uploads\/2022\/11\/icon-1.png\"},{\"@type\":\"BreadcrumbList\",\"@id\":\"https:\/\/www.peritos.sk\/en\/contact\/#breadcrumb\",\"itemListElement\":[{\"@type\":\"ListItem\",\"position\":1,\"name\":\"Domovsk\u00e1 str\u00e1nka\",\"item\":\"https:\/\/www.peritos.sk\/en\/\"},{\"@type\":\"ListItem\",\"position\":2,\"name\":\"Contact\"}]},{\"@type\":\"WebSite\",\"@id\":\"https:\/\/www.peritos.sk\/#website\",\"url\":\"https:\/\/www.peritos.sk\/\",\"name\":\"PERITOS\",\"description\":\"Autoservis, pneuservis, geometria, od\u0165ahov\u00e1 slu\u017eba\",\"publisher\":{\"@id\":\"https:\/\/www.peritos.sk\/#organization\"},\"potentialAction\":[{\"@type\":\"SearchAction\",\"target\":{\"@type\":\"EntryPoint\",\"urlTemplate\":\"https:\/\/www.peritos.sk\/?s={search_term_string}\"},\"query-input\":{\"@type\":\"PropertyValueSpecification\",\"valueRequired\":true,\"valueName\":\"search_term_string\"}}],\"inLanguage\":\"en-US\"},{\"@type\":\"Organization\",\"@id\":\"https:\/\/www.peritos.sk\/#organization\",\"name\":\"PERITOS\",\"url\":\"https:\/\/www.peritos.sk\/\",\"logo\":{\"@type\":\"ImageObject\",\"inLanguage\":\"en-US\",\"@id\":\"https:\/\/www.peritos.sk\/#\/schema\/logo\/image\/\",\"url\":\"https:\/\/www.peritos.sk\/wp-content\/uploads\/2022\/10\/skuska.png\",\"contentUrl\":\"https:\/\/www.peritos.sk\/wp-content\/uploads\/2022\/10\/skuska.png\",\"width\":1916,\"height\":1915,\"caption\":\"PERITOS\"},\"image\":{\"@id\":\"https:\/\/www.peritos.sk\/#\/schema\/logo\/image\/\"}}]}<\/script>\n<!-- \/ Yoast SEO plugin. -->","yoast_head_json":{"title":"Contact - PERITOS","robots":{"index":"index","follow":"follow","max-snippet":"max-snippet:-1","max-image-preview":"max-image-preview:large","max-video-preview":"max-video-preview:-1"},"canonical":"https:\/\/www.peritos.sk\/en\/contact\/","og_locale":"en_US","og_type":"article","og_title":"Contact - PERITOS","og_description":"CONTACT US If you are interested in our services, do not hesitate to contact us: Vehicle towing: Phone: +421 948 450 450E-mail: odtah@peritos.skNonstop 24h Car...","og_url":"https:\/\/www.peritos.sk\/en\/contact\/","og_site_name":"PERITOS","article_modified_time":"2023-02-02T13:09:03+00:00","og_image":[{"url":"https:\/\/www.peritos.sk\/wp-content\/uploads\/2022\/11\/icon-1.png"}],"twitter_card":"summary_large_image","twitter_misc":{"Est. reading time":"1 minute"},"schema":{"@context":"https:\/\/schema.org","@graph":[{"@type":"WebPage","@id":"https:\/\/www.peritos.sk\/en\/contact\/","url":"https:\/\/www.peritos.sk\/en\/contact\/","name":"Contact - PERITOS","isPartOf":{"@id":"https:\/\/www.peritos.sk\/#website"},"primaryImageOfPage":{"@id":"https:\/\/www.peritos.sk\/en\/contact\/#primaryimage"},"image":{"@id":"https:\/\/www.peritos.sk\/en\/contact\/#primaryimage"},"thumbnailUrl":"https:\/\/www.peritos.sk\/wp-content\/uploads\/2022\/11\/icon-1.png","datePublished":"2022-11-23T11:42:13+00:00","dateModified":"2023-02-02T13:09:03+00:00","breadcrumb":{"@id":"https:\/\/www.peritos.sk\/en\/contact\/#breadcrumb"},"inLanguage":"en-US","potentialAction":[{"@type":"ReadAction","target":["https:\/\/www.peritos.sk\/en\/contact\/"]}]},{"@type":"ImageObject","inLanguage":"en-US","@id":"https:\/\/www.peritos.sk\/en\/contact\/#primaryimage","url":"https:\/\/www.peritos.sk\/wp-content\/uploads\/2022\/11\/icon-1.png","contentUrl":"https:\/\/www.peritos.sk\/wp-content\/uploads\/2022\/11\/icon-1.png"},{"@type":"BreadcrumbList","@id":"https:\/\/www.peritos.sk\/en\/contact\/#breadcrumb","itemListElement":[{"@type":"ListItem","position":1,"name":"Domovsk\u00e1 str\u00e1nka","item":"https:\/\/www.peritos.sk\/en\/"},{"@type":"ListItem","position":2,"name":"Contact"}]},{"@type":"WebSite","@id":"https:\/\/www.peritos.sk\/#website","url":"https:\/\/www.peritos.sk\/","name":"PERITOS","description":"Autoservis, pneuservis, geometria, od\u0165ahov\u00e1 slu\u017eba","publisher":{"@id":"https:\/\/www.peritos.sk\/#organization"},"potentialAction":[{"@type":"SearchAction","target":{"@type":"EntryPoint","urlTemplate":"https:\/\/www.peritos.sk\/?s={search_term_string}"},"query-input":{"@type":"PropertyValueSpecification","valueRequired":true,"valueName":"search_term_string"}}],"inLanguage":"en-US"},{"@type":"Organization","@id":"https:\/\/www.peritos.sk\/#organization","name":"PERITOS","url":"https:\/\/www.peritos.sk\/","logo":{"@type":"ImageObject","inLanguage":"en-US","@id":"https:\/\/www.peritos.sk\/#\/schema\/logo\/image\/","url":"https:\/\/www.peritos.sk\/wp-content\/uploads\/2022\/10\/skuska.png","contentUrl":"https:\/\/www.peritos.sk\/wp-content\/uploads\/2022\/10\/skuska.png","width":1916,"height":1915,"caption":"PERITOS"},"image":{"@id":"https:\/\/www.peritos.sk\/#\/schema\/logo\/image\/"}}]}},"_links":{"self":[{"href":"https:\/\/www.peritos.sk\/en\/wp-json\/wp\/v2\/pages\/8216","targetHints":{"allow":["GET"]}}],"collection":[{"href":"https:\/\/www.peritos.sk\/en\/wp-json\/wp\/v2\/pages"}],"about":[{"href":"https:\/\/www.peritos.sk\/en\/wp-json\/wp\/v2\/types\/page"}],"author":[{"embeddable":true,"href":"https:\/\/www.peritos.sk\/en\/wp-json\/wp\/v2\/users\/1"}],"replies":[{"embeddable":true,"href":"https:\/\/www.peritos.sk\/en\/wp-json\/wp\/v2\/comments?post=8216"}],"version-history":[{"count":19,"href":"https:\/\/www.peritos.sk\/en\/wp-json\/wp\/v2\/pages\/8216\/revisions"}],"predecessor-version":[{"id":8235,"href":"https:\/\/www.peritos.sk\/en\/wp-json\/wp\/v2\/pages\/8216\/revisions\/8235"}],"wp:attachment":[{"href":"https:\/\/www.peritos.sk\/en\/wp-json\/wp\/v2\/media?parent=8216"}],"curies":[{"name":"wp","href":"https:\/\/api.w.org\/{rel}","templated":true}]}}